{"id":4475,"date":"2025-06-12T10:28:28","date_gmt":"2025-06-12T10:28:28","guid":{"rendered":"https:\/\/livraisonalcool.ch\/?page_id=4475"},"modified":"2026-04-29T19:03:20","modified_gmt":"2026-04-29T19:03:20","slug":"a-propos","status":"publish","type":"page","link":"https:\/\/swissboissons.ch\/en\/a-propos\/","title":{"rendered":"A propos"},"content":{"rendered":"<div data-elementor-type=\"wp-page\" data-elementor-id=\"4475\" class=\"elementor elementor-4475\" data-elementor-post-type=\"page\">\n\t\t\t\t<div class=\"elementor-element elementor-element-85ff1d8 e-flex e-con-boxed e-con e-parent\" data-id=\"85ff1d8\" data-element_type=\"container\" data-e-type=\"container\">\n\t\t\t\t\t<div class=\"e-con-inner\">\n\t\t<div class=\"elementor-element elementor-element-1d49121 e-con-full e-flex e-con e-child\" data-id=\"1d49121\" data-element_type=\"container\" data-e-type=\"container\">\n\t\t\t\t<div class=\"elementor-element elementor-element-5bf254b elementor-widget elementor-widget-heading\" data-id=\"5bf254b\" data-element_type=\"widget\" data-e-type=\"widget\" data-widget_type=\"heading.default\">\n\t\t\t\t<div class=\"elementor-widget-container\">\n\t\t\t\t\t<h2 class=\"elementor-heading-title elementor-size-default\">Swiss Boissons<\/h2>\t\t\t\t<\/div>\n\t\t\t\t<\/div>\n\t\t\t\t<div class=\"elementor-element elementor-element-1075f88 elementor-widget elementor-widget-text-editor\" data-id=\"1075f88\" data-element_type=\"widget\" data-e-type=\"widget\" data-widget_type=\"text-editor.default\">\n\t\t\t\t<div class=\"elementor-widget-container\">\n\t\t\t\t\t\t\t\t\t<div class=\"mb-4\"><div class=\"row\"><p>Entreprise experte dans la livraison rapide de boissons de qualit\u00e9, destin\u00e9e aux professionnels et aux particuliers. <br \/><br \/>Nous proposons des solutions personnalis\u00e9es, une gestion optimis\u00e9e des commandes et une large gamme de produits pour satisfaire tous les besoins sp\u00e9cifiques de nos clients<\/p><p>Rte du Bois-des-Fr\u00e8res<br \/>1219 Vernier<br \/>Geneve Suisse<br \/><a href=\"tel:+41764708080\">+41 76 470 8080<\/a><br \/><a href=\"mailto:Info@swissboissons.ch\">Info@swissboissons.ch<\/a><\/p><\/div><\/div>\t\t\t\t\t\t\t\t<\/div>\n\t\t\t\t<\/div>\n\t\t\t\t<\/div>\n\t\t\t\t\t<\/div>\n\t\t\t\t<\/div>\n\t\t<div class=\"elementor-element elementor-element-52e22ec e-flex e-con-boxed e-con e-parent\" data-id=\"52e22ec\" data-element_type=\"container\" data-e-type=\"container\">\n\t\t\t\t\t<div class=\"e-con-inner\">\n\t\t<div class=\"elementor-element elementor-element-c5d6eaa e-con-full e-flex e-con e-child\" data-id=\"c5d6eaa\" data-element_type=\"container\" data-e-type=\"container\">\n\t\t\t\t<div class=\"elementor-element elementor-element-c020bdd elementor-widget elementor-widget-image\" data-id=\"c020bdd\" data-element_type=\"widget\" data-e-type=\"widget\" data-widget_type=\"image.default\">\n\t\t\t\t<div class=\"elementor-widget-container\">\n\t\t\t\t\t\t\t\t\t\t\t\t\t\t\t<img fetchpriority=\"high\" decoding=\"async\" width=\"680\" height=\"384\" src=\"https:\/\/swissboissons.ch\/wp-content\/uploads\/2025\/06\/wpss.webp\" class=\"attachment-large size-large wp-image-4659\" alt=\"\" srcset=\"https:\/\/swissboissons.ch\/wp-content\/uploads\/2025\/06\/wpss.webp 680w, https:\/\/swissboissons.ch\/wp-content\/uploads\/2025\/06\/wpss-64x36.webp 64w, https:\/\/swissboissons.ch\/wp-content\/uploads\/2025\/06\/wpss-600x339.webp 600w, https:\/\/swissboissons.ch\/wp-content\/uploads\/2025\/06\/wpss-300x169.webp 300w, https:\/\/swissboissons.ch\/wp-content\/uploads\/2025\/06\/wpss-18x10.webp 18w\" sizes=\"(max-width: 680px) 100vw, 680px\" \/>\t\t\t\t\t\t\t\t\t\t\t\t\t\t\t<\/div>\n\t\t\t\t<\/div>\n\t\t\t\t<\/div>\n\t\t<div class=\"elementor-element elementor-element-b414124 e-con-full e-flex e-con e-child\" data-id=\"b414124\" data-element_type=\"container\" data-e-type=\"container\">\n\t\t\t\t<div class=\"elementor-element elementor-element-b621838 elementor-widget elementor-widget-image\" data-id=\"b621838\" data-element_type=\"widget\" data-e-type=\"widget\" data-widget_type=\"image.default\">\n\t\t\t\t<div class=\"elementor-widget-container\">\n\t\t\t\t\t\t\t\t\t\t\t\t\t\t\t<img decoding=\"async\" width=\"680\" height=\"418\" src=\"https:\/\/swissboissons.ch\/wp-content\/uploads\/2025\/06\/spodu.webp\" class=\"attachment-large size-large wp-image-4658\" alt=\"\" srcset=\"https:\/\/swissboissons.ch\/wp-content\/uploads\/2025\/06\/spodu.webp 680w, https:\/\/swissboissons.ch\/wp-content\/uploads\/2025\/06\/spodu-64x39.webp 64w, https:\/\/swissboissons.ch\/wp-content\/uploads\/2025\/06\/spodu-600x369.webp 600w, https:\/\/swissboissons.ch\/wp-content\/uploads\/2025\/06\/spodu-300x184.webp 300w, https:\/\/swissboissons.ch\/wp-content\/uploads\/2025\/06\/spodu-18x12.webp 18w\" sizes=\"(max-width: 680px) 100vw, 680px\" \/>\t\t\t\t\t\t\t\t\t\t\t\t\t\t\t<\/div>\n\t\t\t\t<\/div>\n\t\t\t\t<\/div>\n\t\t\t\t\t<\/div>\n\t\t\t\t<\/div>\n\t\t\t\t<\/div>","protected":false},"excerpt":{"rendered":"<p>Swiss Boissons Entreprise experte dans la livraison rapide de boissons de qualit\u00e9, destin\u00e9e aux professionnels et aux particuliers. Nous proposons des solutions personnalis\u00e9es, une gestion optimis\u00e9e des commandes et une large gamme de produits pour satisfaire tous les besoins sp\u00e9cifiques de nos clients Rte du Bois-des-Fr\u00e8res1219 VernierGeneve Suisse+41 76 470 8080Info@swissboissons.ch<\/p>","protected":false},"author":6,"featured_media":0,"parent":0,"menu_order":0,"comment_status":"closed","ping_status":"closed","template":"elementor_header_footer","meta":{"_acf_changed":false,"footnotes":""},"class_list":["post-4475","page","type-page","status-publish","hentry"],"acf":[],"_links":{"self":[{"href":"https:\/\/swissboissons.ch\/en\/wp-json\/wp\/v2\/pages\/4475","targetHints":{"allow":["GET"]}}],"collection":[{"href":"https:\/\/swissboissons.ch\/en\/wp-json\/wp\/v2\/pages"}],"about":[{"href":"https:\/\/swissboissons.ch\/en\/wp-json\/wp\/v2\/types\/page"}],"author":[{"embeddable":true,"href":"https:\/\/swissboissons.ch\/en\/wp-json\/wp\/v2\/users\/6"}],"replies":[{"embeddable":true,"href":"https:\/\/swissboissons.ch\/en\/wp-json\/wp\/v2\/comments?post=4475"}],"version-history":[{"count":12,"href":"https:\/\/swissboissons.ch\/en\/wp-json\/wp\/v2\/pages\/4475\/revisions"}],"predecessor-version":[{"id":4934,"href":"https:\/\/swissboissons.ch\/en\/wp-json\/wp\/v2\/pages\/4475\/revisions\/4934"}],"wp:attachment":[{"href":"https:\/\/swissboissons.ch\/en\/wp-json\/wp\/v2\/media?parent=4475"}],"curies":[{"name":"wp","href":"https:\/\/api.w.org\/{rel}","templated":true}]}}