{"id":3519,"date":"2025-06-11T20:31:34","date_gmt":"2025-06-11T20:31:34","guid":{"rendered":"https:\/\/livraisonalcool.ch\/produit\/studio-by-miraval-mediterranee-igp-75-cl-millesime-2024\/"},"modified":"2025-06-11T20:36:25","modified_gmt":"2025-06-11T20:36:25","slug":"studio-by-miraval-mediterranee-igp-75-cl-millesime-2024","status":"publish","type":"product","link":"https:\/\/swissboissons.ch\/en\/product\/studio-by-miraval-mediterranee-igp-75-cl-millesime-2024\/","title":{"rendered":"Studio by Miraval M\u00e9diterran\u00e9e IGP  75 CL  Mill\u00e9sime 2024"},"content":{"rendered":"","protected":false},"excerpt":{"rendered":"","protected":false},"featured_media":3520,"template":"","format":[],"meta":{"_acf_changed":false},"product_brand":[],"product_cat":[29],"product_tag":[49],"pays":[21],"sous_categories":[204],"region":[205],"couleur_du_vin":[202],"class_list":{"0":"post-3519","1":"product","2":"type-product","3":"status-publish","4":"has-post-thumbnail","6":"product_cat-vins","7":"product_tag-75-cl","8":"pays-france","9":"sous_categories-vins-provence-roses","10":"region-provence-roses","11":"couleur_du_vin-rose","13":"first","14":"instock","15":"taxable","16":"shipping-taxable","17":"purchasable","18":"product-type-simple"},"acf":[],"_links":{"self":[{"href":"https:\/\/swissboissons.ch\/en\/wp-json\/wp\/v2\/product\/3519","targetHints":{"allow":["GET"]}}],"collection":[{"href":"https:\/\/swissboissons.ch\/en\/wp-json\/wp\/v2\/product"}],"about":[{"href":"https:\/\/swissboissons.ch\/en\/wp-json\/wp\/v2\/types\/product"}],"wp:featuredmedia":[{"embeddable":true,"href":"https:\/\/swissboissons.ch\/en\/wp-json\/wp\/v2\/media\/3520"}],"wp:attachment":[{"href":"https:\/\/swissboissons.ch\/en\/wp-json\/wp\/v2\/media?parent=3519"}],"wp:term":[{"taxonomy":"product_brand","embeddable":true,"href":"https:\/\/swissboissons.ch\/en\/wp-json\/wp\/v2\/product_brand?post=3519"},{"taxonomy":"product_cat","embeddable":true,"href":"https:\/\/swissboissons.ch\/en\/wp-json\/wp\/v2\/product_cat?post=3519"},{"taxonomy":"product_tag","embeddable":true,"href":"https:\/\/swissboissons.ch\/en\/wp-json\/wp\/v2\/product_tag?post=3519"},{"taxonomy":"pays","embeddable":true,"href":"https:\/\/swissboissons.ch\/en\/wp-json\/wp\/v2\/pays?post=3519"},{"taxonomy":"format","embeddable":true,"href":"https:\/\/swissboissons.ch\/en\/wp-json\/wp\/v2\/format?post=3519"},{"taxonomy":"sous_categories","embeddable":true,"href":"https:\/\/swissboissons.ch\/en\/wp-json\/wp\/v2\/sous_categories?post=3519"},{"taxonomy":"region","embeddable":true,"href":"https:\/\/swissboissons.ch\/en\/wp-json\/wp\/v2\/region?post=3519"},{"taxonomy":"couleur_du_vin","embeddable":true,"href":"https:\/\/swissboissons.ch\/en\/wp-json\/wp\/v2\/couleur_du_vin?post=3519"}],"curies":[{"name":"wp","href":"https:\/\/api.w.org\/{rel}","templated":true}]}}