{"id":3615,"date":"2025-06-11T20:54:15","date_gmt":"2025-06-11T20:54:15","guid":{"rendered":"https:\/\/livraisonalcool.ch\/produit\/bertholier-fut-de-chene-les-hutins-coteaux-de-dardagny-geneve-aoc-emilienne-jean-hutin-150-cl-millesime-2021\/"},"modified":"2025-06-11T20:57:59","modified_gmt":"2025-06-11T20:57:59","slug":"bertholier-fut-de-chene-les-hutins-coteaux-de-dardagny-geneve-aoc-emilienne-jean-hutin-150-cl-millesime-2021","status":"publish","type":"product","link":"https:\/\/swissboissons.ch\/en\/product\/bertholier-fut-de-chene-les-hutins-coteaux-de-dardagny-geneve-aoc-emilienne-jean-hutin-150-cl-millesime-2021\/","title":{"rendered":"Bertholier F\u00fbt de Ch\u00eane les Hutins Coteaux de Dardagny Gen\u00e8ve AOC Emilienne &#038; Jean Hutin  150 CL  Mill\u00e9sime 2021"},"content":{"rendered":"","protected":false},"excerpt":{"rendered":"","protected":false},"featured_media":3616,"template":"","format":[],"meta":{"_acf_changed":false},"product_brand":[],"product_cat":[29],"product_tag":[102],"pays":[46],"sous_categories":[242],"region":[243],"couleur_du_vin":[201],"class_list":{"0":"post-3615","1":"product","2":"type-product","3":"status-publish","4":"has-post-thumbnail","6":"product_cat-vins","7":"product_tag-150-cl","8":"pays-suisse","9":"sous_categories-vins-magnums-et-geantes-rouges","10":"region-geneve-rouges","11":"couleur_du_vin-rouge","13":"first","14":"instock","15":"taxable","16":"shipping-taxable","17":"purchasable","18":"product-type-simple"},"acf":[],"_links":{"self":[{"href":"https:\/\/swissboissons.ch\/en\/wp-json\/wp\/v2\/product\/3615","targetHints":{"allow":["GET"]}}],"collection":[{"href":"https:\/\/swissboissons.ch\/en\/wp-json\/wp\/v2\/product"}],"about":[{"href":"https:\/\/swissboissons.ch\/en\/wp-json\/wp\/v2\/types\/product"}],"wp:featuredmedia":[{"embeddable":true,"href":"https:\/\/swissboissons.ch\/en\/wp-json\/wp\/v2\/media\/3616"}],"wp:attachment":[{"href":"https:\/\/swissboissons.ch\/en\/wp-json\/wp\/v2\/media?parent=3615"}],"wp:term":[{"taxonomy":"product_brand","embeddable":true,"href":"https:\/\/swissboissons.ch\/en\/wp-json\/wp\/v2\/product_brand?post=3615"},{"taxonomy":"product_cat","embeddable":true,"href":"https:\/\/swissboissons.ch\/en\/wp-json\/wp\/v2\/product_cat?post=3615"},{"taxonomy":"product_tag","embeddable":true,"href":"https:\/\/swissboissons.ch\/en\/wp-json\/wp\/v2\/product_tag?post=3615"},{"taxonomy":"pays","embeddable":true,"href":"https:\/\/swissboissons.ch\/en\/wp-json\/wp\/v2\/pays?post=3615"},{"taxonomy":"format","embeddable":true,"href":"https:\/\/swissboissons.ch\/en\/wp-json\/wp\/v2\/format?post=3615"},{"taxonomy":"sous_categories","embeddable":true,"href":"https:\/\/swissboissons.ch\/en\/wp-json\/wp\/v2\/sous_categories?post=3615"},{"taxonomy":"region","embeddable":true,"href":"https:\/\/swissboissons.ch\/en\/wp-json\/wp\/v2\/region?post=3615"},{"taxonomy":"couleur_du_vin","embeddable":true,"href":"https:\/\/swissboissons.ch\/en\/wp-json\/wp\/v2\/couleur_du_vin?post=3615"}],"curies":[{"name":"wp","href":"https:\/\/api.w.org\/{rel}","templated":true}]}}