{"id":3649,"date":"2025-06-11T21:09:06","date_gmt":"2025-06-11T21:09:06","guid":{"rendered":"https:\/\/livraisonalcool.ch\/produit\/aligote-de-lully-geneve-aoc-domaine-des-curiades-j-c-dupraz-75-cl-millesime-2023\/"},"modified":"2025-06-11T21:14:09","modified_gmt":"2025-06-11T21:14:09","slug":"aligote-de-lully-geneve-aoc-domaine-des-curiades-j-c-dupraz-75-cl-millesime-2023","status":"publish","type":"product","link":"https:\/\/swissboissons.ch\/en\/product\/aligote-de-lully-geneve-aoc-domaine-des-curiades-j-c-dupraz-75-cl-millesime-2023\/","title":{"rendered":"Aligot\u00e9 de Lully Gen\u00e8ve AOC Domaine des Curiades J.&#038; C. Dupraz  75 CL  Mill\u00e9sime 2023"},"content":{"rendered":"","protected":false},"excerpt":{"rendered":"","protected":false},"featured_media":3650,"template":"","format":[],"meta":{"_acf_changed":false},"product_brand":[],"product_cat":[29],"product_tag":[49],"pays":[46],"sous_categories":[255],"region":[210],"couleur_du_vin":[200],"class_list":{"0":"post-3649","1":"product","2":"type-product","3":"status-publish","4":"has-post-thumbnail","6":"product_cat-vins","7":"product_tag-75-cl","8":"pays-suisse","9":"sous_categories-vins-geneve-blancs","10":"region-geneve-blancs","11":"couleur_du_vin-blanc","13":"first","14":"instock","15":"taxable","16":"shipping-taxable","17":"purchasable","18":"product-type-simple"},"acf":[],"_links":{"self":[{"href":"https:\/\/swissboissons.ch\/en\/wp-json\/wp\/v2\/product\/3649","targetHints":{"allow":["GET"]}}],"collection":[{"href":"https:\/\/swissboissons.ch\/en\/wp-json\/wp\/v2\/product"}],"about":[{"href":"https:\/\/swissboissons.ch\/en\/wp-json\/wp\/v2\/types\/product"}],"wp:featuredmedia":[{"embeddable":true,"href":"https:\/\/swissboissons.ch\/en\/wp-json\/wp\/v2\/media\/3650"}],"wp:attachment":[{"href":"https:\/\/swissboissons.ch\/en\/wp-json\/wp\/v2\/media?parent=3649"}],"wp:term":[{"taxonomy":"product_brand","embeddable":true,"href":"https:\/\/swissboissons.ch\/en\/wp-json\/wp\/v2\/product_brand?post=3649"},{"taxonomy":"product_cat","embeddable":true,"href":"https:\/\/swissboissons.ch\/en\/wp-json\/wp\/v2\/product_cat?post=3649"},{"taxonomy":"product_tag","embeddable":true,"href":"https:\/\/swissboissons.ch\/en\/wp-json\/wp\/v2\/product_tag?post=3649"},{"taxonomy":"pays","embeddable":true,"href":"https:\/\/swissboissons.ch\/en\/wp-json\/wp\/v2\/pays?post=3649"},{"taxonomy":"format","embeddable":true,"href":"https:\/\/swissboissons.ch\/en\/wp-json\/wp\/v2\/format?post=3649"},{"taxonomy":"sous_categories","embeddable":true,"href":"https:\/\/swissboissons.ch\/en\/wp-json\/wp\/v2\/sous_categories?post=3649"},{"taxonomy":"region","embeddable":true,"href":"https:\/\/swissboissons.ch\/en\/wp-json\/wp\/v2\/region?post=3649"},{"taxonomy":"couleur_du_vin","embeddable":true,"href":"https:\/\/swissboissons.ch\/en\/wp-json\/wp\/v2\/couleur_du_vin?post=3649"}],"curies":[{"name":"wp","href":"https:\/\/api.w.org\/{rel}","templated":true}]}}