{"id":3822,"date":"2025-06-11T21:47:25","date_gmt":"2025-06-11T21:47:25","guid":{"rendered":"https:\/\/livraisonalcool.ch\/produit\/chateau-suduiraut-sauternes-aoc-1er-cru-classe-75-cl-millesime-2008\/"},"modified":"2025-06-11T21:54:26","modified_gmt":"2025-06-11T21:54:26","slug":"chateau-suduiraut-sauternes-aoc-1er-cru-classe-75-cl-millesime-2008","status":"publish","type":"product","link":"https:\/\/swissboissons.ch\/en\/product\/chateau-suduiraut-sauternes-aoc-1er-cru-classe-75-cl-millesime-2008\/","title":{"rendered":"Ch\u00e2teau Suduiraut Sauternes AOC 1er Cru Class\u00e9  75 CL  Mill\u00e9sime 2008"},"content":{"rendered":"","protected":false},"excerpt":{"rendered":"","protected":false},"featured_media":3823,"template":"","format":[],"meta":{"_acf_changed":false},"product_brand":[],"product_cat":[29],"product_tag":[49],"pays":[21],"sous_categories":[273],"region":[274],"couleur_du_vin":[200],"class_list":{"0":"post-3822","1":"product","2":"type-product","3":"status-publish","4":"has-post-thumbnail","6":"product_cat-vins","7":"product_tag-75-cl","8":"pays-france","9":"sous_categories-bordeaux-sauternes-blancs","10":"region-bordeaux-sauternes","11":"couleur_du_vin-blanc","13":"first","14":"instock","15":"taxable","16":"shipping-taxable","17":"purchasable","18":"product-type-simple"},"acf":[],"_links":{"self":[{"href":"https:\/\/swissboissons.ch\/en\/wp-json\/wp\/v2\/product\/3822","targetHints":{"allow":["GET"]}}],"collection":[{"href":"https:\/\/swissboissons.ch\/en\/wp-json\/wp\/v2\/product"}],"about":[{"href":"https:\/\/swissboissons.ch\/en\/wp-json\/wp\/v2\/types\/product"}],"wp:featuredmedia":[{"embeddable":true,"href":"https:\/\/swissboissons.ch\/en\/wp-json\/wp\/v2\/media\/3823"}],"wp:attachment":[{"href":"https:\/\/swissboissons.ch\/en\/wp-json\/wp\/v2\/media?parent=3822"}],"wp:term":[{"taxonomy":"product_brand","embeddable":true,"href":"https:\/\/swissboissons.ch\/en\/wp-json\/wp\/v2\/product_brand?post=3822"},{"taxonomy":"product_cat","embeddable":true,"href":"https:\/\/swissboissons.ch\/en\/wp-json\/wp\/v2\/product_cat?post=3822"},{"taxonomy":"product_tag","embeddable":true,"href":"https:\/\/swissboissons.ch\/en\/wp-json\/wp\/v2\/product_tag?post=3822"},{"taxonomy":"pays","embeddable":true,"href":"https:\/\/swissboissons.ch\/en\/wp-json\/wp\/v2\/pays?post=3822"},{"taxonomy":"format","embeddable":true,"href":"https:\/\/swissboissons.ch\/en\/wp-json\/wp\/v2\/format?post=3822"},{"taxonomy":"sous_categories","embeddable":true,"href":"https:\/\/swissboissons.ch\/en\/wp-json\/wp\/v2\/sous_categories?post=3822"},{"taxonomy":"region","embeddable":true,"href":"https:\/\/swissboissons.ch\/en\/wp-json\/wp\/v2\/region?post=3822"},{"taxonomy":"couleur_du_vin","embeddable":true,"href":"https:\/\/swissboissons.ch\/en\/wp-json\/wp\/v2\/couleur_du_vin?post=3822"}],"curies":[{"name":"wp","href":"https:\/\/api.w.org\/{rel}","templated":true}]}}