{"id":3836,"date":"2025-06-11T21:47:47","date_gmt":"2025-06-11T21:47:47","guid":{"rendered":"https:\/\/livraisonalcool.ch\/produit\/chenin-blanc-aoc-geneve-domaine-de-beauvent-jerome-cruz-75-cl-millesime-2022\/"},"modified":"2025-06-11T21:54:26","modified_gmt":"2025-06-11T21:54:26","slug":"chenin-blanc-aoc-geneve-domaine-de-beauvent-jerome-cruz-75-cl-millesime-2022","status":"publish","type":"product","link":"https:\/\/swissboissons.ch\/en\/product\/chenin-blanc-aoc-geneve-domaine-de-beauvent-jerome-cruz-75-cl-millesime-2022\/","title":{"rendered":"Chenin Blanc AOC Gen\u00e8ve Domaine de Beauvent J\u00e9r\u00f4me Cruz  75 CL  Mill\u00e9sime 2022"},"content":{"rendered":"","protected":false},"excerpt":{"rendered":"","protected":false},"featured_media":3837,"template":"","format":[],"meta":{"_acf_changed":false},"product_brand":[],"product_cat":[29],"product_tag":[49],"pays":[46],"sous_categories":[255],"region":[210],"couleur_du_vin":[200],"class_list":{"0":"post-3836","1":"product","2":"type-product","3":"status-publish","4":"has-post-thumbnail","6":"product_cat-vins","7":"product_tag-75-cl","8":"pays-suisse","9":"sous_categories-vins-geneve-blancs","10":"region-geneve-blancs","11":"couleur_du_vin-blanc","13":"first","14":"instock","15":"taxable","16":"shipping-taxable","17":"purchasable","18":"product-type-simple"},"acf":[],"_links":{"self":[{"href":"https:\/\/swissboissons.ch\/en\/wp-json\/wp\/v2\/product\/3836","targetHints":{"allow":["GET"]}}],"collection":[{"href":"https:\/\/swissboissons.ch\/en\/wp-json\/wp\/v2\/product"}],"about":[{"href":"https:\/\/swissboissons.ch\/en\/wp-json\/wp\/v2\/types\/product"}],"wp:featuredmedia":[{"embeddable":true,"href":"https:\/\/swissboissons.ch\/en\/wp-json\/wp\/v2\/media\/3837"}],"wp:attachment":[{"href":"https:\/\/swissboissons.ch\/en\/wp-json\/wp\/v2\/media?parent=3836"}],"wp:term":[{"taxonomy":"product_brand","embeddable":true,"href":"https:\/\/swissboissons.ch\/en\/wp-json\/wp\/v2\/product_brand?post=3836"},{"taxonomy":"product_cat","embeddable":true,"href":"https:\/\/swissboissons.ch\/en\/wp-json\/wp\/v2\/product_cat?post=3836"},{"taxonomy":"product_tag","embeddable":true,"href":"https:\/\/swissboissons.ch\/en\/wp-json\/wp\/v2\/product_tag?post=3836"},{"taxonomy":"pays","embeddable":true,"href":"https:\/\/swissboissons.ch\/en\/wp-json\/wp\/v2\/pays?post=3836"},{"taxonomy":"format","embeddable":true,"href":"https:\/\/swissboissons.ch\/en\/wp-json\/wp\/v2\/format?post=3836"},{"taxonomy":"sous_categories","embeddable":true,"href":"https:\/\/swissboissons.ch\/en\/wp-json\/wp\/v2\/sous_categories?post=3836"},{"taxonomy":"region","embeddable":true,"href":"https:\/\/swissboissons.ch\/en\/wp-json\/wp\/v2\/region?post=3836"},{"taxonomy":"couleur_du_vin","embeddable":true,"href":"https:\/\/swissboissons.ch\/en\/wp-json\/wp\/v2\/couleur_du_vin?post=3836"}],"curies":[{"name":"wp","href":"https:\/\/api.w.org\/{rel}","templated":true}]}}