{"id":3878,"date":"2025-06-11T21:48:51","date_gmt":"2025-06-11T21:48:51","guid":{"rendered":"https:\/\/livraisonalcool.ch\/produit\/cuvee-les-chateaux-valere-valais-aoc-bio-suissse-dubuis-rudaz-75-cl-millesime-2023\/"},"modified":"2025-06-11T21:54:23","modified_gmt":"2025-06-11T21:54:23","slug":"cuvee-les-chateaux-valere-valais-aoc-bio-suissse-dubuis-rudaz-75-cl-millesime-2023","status":"publish","type":"product","link":"https:\/\/swissboissons.ch\/en\/product\/cuvee-les-chateaux-valere-valais-aoc-bio-suissse-dubuis-rudaz-75-cl-millesime-2023\/","title":{"rendered":"Cuv\u00e9e Les Ch\u00e2teaux &#8211; Val\u00e8re Valais AOC Bio Suissse Dubuis &#038; Rudaz  75 CL  Mill\u00e9sime 2023"},"content":{"rendered":"","protected":false},"excerpt":{"rendered":"","protected":false},"featured_media":3879,"template":"","format":[],"meta":{"_acf_changed":false},"product_brand":[],"product_cat":[29],"product_tag":[49],"pays":[46],"sous_categories":[257],"region":[209],"couleur_du_vin":[200],"class_list":{"0":"post-3878","1":"product","2":"type-product","3":"status-publish","4":"has-post-thumbnail","6":"product_cat-vins","7":"product_tag-75-cl","8":"pays-suisse","9":"sous_categories-vins-valais-blancs","10":"region-valais-blancs","11":"couleur_du_vin-blanc","13":"first","14":"instock","15":"taxable","16":"shipping-taxable","17":"purchasable","18":"product-type-simple"},"acf":[],"_links":{"self":[{"href":"https:\/\/swissboissons.ch\/en\/wp-json\/wp\/v2\/product\/3878","targetHints":{"allow":["GET"]}}],"collection":[{"href":"https:\/\/swissboissons.ch\/en\/wp-json\/wp\/v2\/product"}],"about":[{"href":"https:\/\/swissboissons.ch\/en\/wp-json\/wp\/v2\/types\/product"}],"wp:featuredmedia":[{"embeddable":true,"href":"https:\/\/swissboissons.ch\/en\/wp-json\/wp\/v2\/media\/3879"}],"wp:attachment":[{"href":"https:\/\/swissboissons.ch\/en\/wp-json\/wp\/v2\/media?parent=3878"}],"wp:term":[{"taxonomy":"product_brand","embeddable":true,"href":"https:\/\/swissboissons.ch\/en\/wp-json\/wp\/v2\/product_brand?post=3878"},{"taxonomy":"product_cat","embeddable":true,"href":"https:\/\/swissboissons.ch\/en\/wp-json\/wp\/v2\/product_cat?post=3878"},{"taxonomy":"product_tag","embeddable":true,"href":"https:\/\/swissboissons.ch\/en\/wp-json\/wp\/v2\/product_tag?post=3878"},{"taxonomy":"pays","embeddable":true,"href":"https:\/\/swissboissons.ch\/en\/wp-json\/wp\/v2\/pays?post=3878"},{"taxonomy":"format","embeddable":true,"href":"https:\/\/swissboissons.ch\/en\/wp-json\/wp\/v2\/format?post=3878"},{"taxonomy":"sous_categories","embeddable":true,"href":"https:\/\/swissboissons.ch\/en\/wp-json\/wp\/v2\/sous_categories?post=3878"},{"taxonomy":"region","embeddable":true,"href":"https:\/\/swissboissons.ch\/en\/wp-json\/wp\/v2\/region?post=3878"},{"taxonomy":"couleur_du_vin","embeddable":true,"href":"https:\/\/swissboissons.ch\/en\/wp-json\/wp\/v2\/couleur_du_vin?post=3878"}],"curies":[{"name":"wp","href":"https:\/\/api.w.org\/{rel}","templated":true}]}}