{"id":4140,"date":"2025-06-11T22:09:33","date_gmt":"2025-06-11T22:09:33","guid":{"rendered":"https:\/\/livraisonalcool.ch\/produit\/pinot-gris-les-faunes-geneve-aoc-f-l-mistral-a-dardagny-70-cl-millesime-2022\/"},"modified":"2025-06-11T22:14:39","modified_gmt":"2025-06-11T22:14:39","slug":"pinot-gris-les-faunes-geneve-aoc-f-l-mistral-a-dardagny-70-cl-millesime-2022","status":"publish","type":"product","link":"https:\/\/swissboissons.ch\/en\/product\/pinot-gris-les-faunes-geneve-aoc-f-l-mistral-a-dardagny-70-cl-millesime-2022\/","title":{"rendered":"Pinot Gris \u00ab\u00a0Les Faunes\u00a0\u00bb Gen\u00e8ve AOC F &#038; L Mistral \u00e0 Dardagny  70 CL  Mill\u00e9sime 2022"},"content":{"rendered":"","protected":false},"excerpt":{"rendered":"","protected":false},"featured_media":4141,"template":"","format":[],"meta":{"_acf_changed":false},"product_brand":[],"product_cat":[29],"product_tag":[151],"pays":[46],"sous_categories":[255],"region":[210],"couleur_du_vin":[200],"class_list":{"0":"post-4140","1":"product","2":"type-product","3":"status-publish","4":"has-post-thumbnail","6":"product_cat-vins","7":"product_tag-70-cl","8":"pays-suisse","9":"sous_categories-vins-geneve-blancs","10":"region-geneve-blancs","11":"couleur_du_vin-blanc","13":"first","14":"instock","15":"taxable","16":"shipping-taxable","17":"purchasable","18":"product-type-simple"},"acf":[],"_links":{"self":[{"href":"https:\/\/swissboissons.ch\/en\/wp-json\/wp\/v2\/product\/4140","targetHints":{"allow":["GET"]}}],"collection":[{"href":"https:\/\/swissboissons.ch\/en\/wp-json\/wp\/v2\/product"}],"about":[{"href":"https:\/\/swissboissons.ch\/en\/wp-json\/wp\/v2\/types\/product"}],"wp:featuredmedia":[{"embeddable":true,"href":"https:\/\/swissboissons.ch\/en\/wp-json\/wp\/v2\/media\/4141"}],"wp:attachment":[{"href":"https:\/\/swissboissons.ch\/en\/wp-json\/wp\/v2\/media?parent=4140"}],"wp:term":[{"taxonomy":"product_brand","embeddable":true,"href":"https:\/\/swissboissons.ch\/en\/wp-json\/wp\/v2\/product_brand?post=4140"},{"taxonomy":"product_cat","embeddable":true,"href":"https:\/\/swissboissons.ch\/en\/wp-json\/wp\/v2\/product_cat?post=4140"},{"taxonomy":"product_tag","embeddable":true,"href":"https:\/\/swissboissons.ch\/en\/wp-json\/wp\/v2\/product_tag?post=4140"},{"taxonomy":"pays","embeddable":true,"href":"https:\/\/swissboissons.ch\/en\/wp-json\/wp\/v2\/pays?post=4140"},{"taxonomy":"format","embeddable":true,"href":"https:\/\/swissboissons.ch\/en\/wp-json\/wp\/v2\/format?post=4140"},{"taxonomy":"sous_categories","embeddable":true,"href":"https:\/\/swissboissons.ch\/en\/wp-json\/wp\/v2\/sous_categories?post=4140"},{"taxonomy":"region","embeddable":true,"href":"https:\/\/swissboissons.ch\/en\/wp-json\/wp\/v2\/region?post=4140"},{"taxonomy":"couleur_du_vin","embeddable":true,"href":"https:\/\/swissboissons.ch\/en\/wp-json\/wp\/v2\/couleur_du_vin?post=4140"}],"curies":[{"name":"wp","href":"https:\/\/api.w.org\/{rel}","templated":true}]}}