{"id":4240,"date":"2025-06-11T22:11:56","date_gmt":"2025-06-11T22:11:56","guid":{"rendered":"https:\/\/livraisonalcool.ch\/produit\/scheurebe-geneve-aoc-domaine-les-faunes-f-l-mistral-a-dardagny-70-cl-millesime-2021\/"},"modified":"2025-06-11T22:14:33","modified_gmt":"2025-06-11T22:14:33","slug":"scheurebe-geneve-aoc-domaine-les-faunes-f-l-mistral-a-dardagny-70-cl-millesime-2021","status":"publish","type":"product","link":"https:\/\/swissboissons.ch\/en\/product\/scheurebe-geneve-aoc-domaine-les-faunes-f-l-mistral-a-dardagny-70-cl-millesime-2021\/","title":{"rendered":"Scheurebe Gen\u00e8ve AOC Domaine les Faunes F.&#038; L. Mistral \u00e0 Dardagny  70 CL  Mill\u00e9sime 2021"},"content":{"rendered":"","protected":false},"excerpt":{"rendered":"","protected":false},"featured_media":4241,"template":"","format":[],"meta":{"_acf_changed":false},"product_brand":[],"product_cat":[29],"product_tag":[151],"pays":[46],"sous_categories":[255],"region":[210],"couleur_du_vin":[200],"class_list":{"0":"post-4240","1":"product","2":"type-product","3":"status-publish","4":"has-post-thumbnail","6":"product_cat-vins","7":"product_tag-70-cl","8":"pays-suisse","9":"sous_categories-vins-geneve-blancs","10":"region-geneve-blancs","11":"couleur_du_vin-blanc","13":"first","14":"instock","15":"taxable","16":"shipping-taxable","17":"purchasable","18":"product-type-simple"},"acf":[],"_links":{"self":[{"href":"https:\/\/swissboissons.ch\/en\/wp-json\/wp\/v2\/product\/4240","targetHints":{"allow":["GET"]}}],"collection":[{"href":"https:\/\/swissboissons.ch\/en\/wp-json\/wp\/v2\/product"}],"about":[{"href":"https:\/\/swissboissons.ch\/en\/wp-json\/wp\/v2\/types\/product"}],"wp:featuredmedia":[{"embeddable":true,"href":"https:\/\/swissboissons.ch\/en\/wp-json\/wp\/v2\/media\/4241"}],"wp:attachment":[{"href":"https:\/\/swissboissons.ch\/en\/wp-json\/wp\/v2\/media?parent=4240"}],"wp:term":[{"taxonomy":"product_brand","embeddable":true,"href":"https:\/\/swissboissons.ch\/en\/wp-json\/wp\/v2\/product_brand?post=4240"},{"taxonomy":"product_cat","embeddable":true,"href":"https:\/\/swissboissons.ch\/en\/wp-json\/wp\/v2\/product_cat?post=4240"},{"taxonomy":"product_tag","embeddable":true,"href":"https:\/\/swissboissons.ch\/en\/wp-json\/wp\/v2\/product_tag?post=4240"},{"taxonomy":"pays","embeddable":true,"href":"https:\/\/swissboissons.ch\/en\/wp-json\/wp\/v2\/pays?post=4240"},{"taxonomy":"format","embeddable":true,"href":"https:\/\/swissboissons.ch\/en\/wp-json\/wp\/v2\/format?post=4240"},{"taxonomy":"sous_categories","embeddable":true,"href":"https:\/\/swissboissons.ch\/en\/wp-json\/wp\/v2\/sous_categories?post=4240"},{"taxonomy":"region","embeddable":true,"href":"https:\/\/swissboissons.ch\/en\/wp-json\/wp\/v2\/region?post=4240"},{"taxonomy":"couleur_du_vin","embeddable":true,"href":"https:\/\/swissboissons.ch\/en\/wp-json\/wp\/v2\/couleur_du_vin?post=4240"}],"curies":[{"name":"wp","href":"https:\/\/api.w.org\/{rel}","templated":true}]}}